{"id":206,"date":"2018-03-08T18:52:13","date_gmt":"2018-03-08T21:52:13","guid":{"rendered":"http:\/\/www.comunidadeativa.jor.br\/?page_id=206"},"modified":"2022-04-28T11:48:36","modified_gmt":"2022-04-28T14:48:36","slug":"fale-conosco","status":"publish","type":"page","link":"https:\/\/www.comunidadeativa.jor.br\/index.php\/fale-conosco\/","title":{"rendered":"Fale conosco"},"content":{"rendered":"<div class=\"wpforms-container wpforms-container-full\" id=\"wpforms-205\"><form id=\"wpforms-form-205\" class=\"wpforms-validate wpforms-form\" data-formid=\"205\" method=\"post\" enctype=\"multipart\/form-data\" action=\"\/index.php\/wp-json\/wp\/v2\/pages\/206\" data-token=\"380362bd549d0a9e9610a86dd4b29215\" data-token-time=\"1775752254\"><noscript class=\"wpforms-error-noscript\">Ative o JavaScript no seu navegador para preencher este formul\u00e1rio.<\/noscript><div class=\"wpforms-field-container\"><div id=\"wpforms-205-field_0-container\" class=\"wpforms-field wpforms-field-name\" data-field-id=\"0\"><label class=\"wpforms-field-label\" for=\"wpforms-205-field_0\">Seu nome <span class=\"wpforms-required-label\">*<\/span><\/label><input type=\"text\" id=\"wpforms-205-field_0\" class=\"wpforms-field-medium wpforms-field-required\" name=\"wpforms[fields][0]\" required><\/div><div id=\"wpforms-205-field_1-container\" class=\"wpforms-field wpforms-field-email\" data-field-id=\"1\"><label class=\"wpforms-field-label\" for=\"wpforms-205-field_1\">Email <span class=\"wpforms-required-label\">*<\/span><\/label><input type=\"email\" id=\"wpforms-205-field_1\" class=\"wpforms-field-medium wpforms-field-required\" name=\"wpforms[fields][1]\" spellcheck=\"false\" required><\/div><div id=\"wpforms-205-field_3-container\" class=\"wpforms-field wpforms-field-number\" data-field-id=\"3\"><label class=\"wpforms-field-label\" for=\"wpforms-205-field_3\">Telefone (com DDD )<\/label><input type=\"number\" id=\"wpforms-205-field_3\" class=\"wpforms-field-medium\" name=\"wpforms[fields][3]\" step=\"any\" ><\/div><div id=\"wpforms-205-field_5-container\" class=\"wpforms-field wpforms-field-radio\" data-field-id=\"5\"><label class=\"wpforms-field-label\">Esse telefone tem WhatsApp<\/label><ul id=\"wpforms-205-field_5\"><li class=\"choice-1 depth-1\"><input type=\"radio\" id=\"wpforms-205-field_5_1\" name=\"wpforms[fields][5]\" value=\"Sim\"  ><label class=\"wpforms-field-label-inline\" for=\"wpforms-205-field_5_1\">Sim<\/label><\/li><li class=\"choice-2 depth-1\"><input type=\"radio\" id=\"wpforms-205-field_5_2\" name=\"wpforms[fields][5]\" value=\"N\u00e3o\"  ><label class=\"wpforms-field-label-inline\" for=\"wpforms-205-field_5_2\">N\u00e3o<\/label><\/li><\/ul><\/div><div id=\"wpforms-205-field_8-container\" class=\"wpforms-field wpforms-field-radio\" data-field-id=\"8\"><label class=\"wpforms-field-label\">Voc\u00ea autoriza o Comunidade Ativa a enviar novidades pelo email e\/ou WhatsApp?<\/label><ul id=\"wpforms-205-field_8\"><li class=\"choice-1 depth-1\"><input type=\"radio\" id=\"wpforms-205-field_8_1\" name=\"wpforms[fields][8]\" value=\"Sim\"  ><label class=\"wpforms-field-label-inline\" for=\"wpforms-205-field_8_1\">Sim<\/label><\/li><li class=\"choice-2 depth-1\"><input type=\"radio\" id=\"wpforms-205-field_8_2\" name=\"wpforms[fields][8]\" value=\"N\u00e3o\"  ><label class=\"wpforms-field-label-inline\" for=\"wpforms-205-field_8_2\">N\u00e3o<\/label><\/li><\/ul><\/div><div id=\"wpforms-205-field_7-container\" class=\"wpforms-field wpforms-field-radio\" data-field-id=\"7\"><label class=\"wpforms-field-label\">Qual o motivo do seu contato? <span class=\"wpforms-required-label\">*<\/span><\/label><ul id=\"wpforms-205-field_7\" class=\"wpforms-field-required\"><li class=\"choice-1 depth-1\"><input type=\"radio\" id=\"wpforms-205-field_7_1\" name=\"wpforms[fields][7]\" value=\"Sugest\u00e3o de pauta\" required ><label class=\"wpforms-field-label-inline\" for=\"wpforms-205-field_7_1\">Sugest\u00e3o de pauta<\/label><\/li><li class=\"choice-4 depth-1\"><input type=\"radio\" id=\"wpforms-205-field_7_4\" name=\"wpforms[fields][7]\" value=\"Coment\u00e1rio sobre mat\u00e9ria\" required ><label class=\"wpforms-field-label-inline\" for=\"wpforms-205-field_7_4\">Coment\u00e1rio sobre mat\u00e9ria<\/label><\/li><li class=\"choice-2 depth-1\"><input type=\"radio\" id=\"wpforms-205-field_7_2\" name=\"wpforms[fields][7]\" value=\"Pedido de informa\u00e7\u00e3o\" required ><label class=\"wpforms-field-label-inline\" for=\"wpforms-205-field_7_2\">Pedido de informa\u00e7\u00e3o<\/label><\/li><li class=\"choice-5 depth-1\"><input type=\"radio\" id=\"wpforms-205-field_7_5\" name=\"wpforms[fields][7]\" value=\"Reclama\u00e7\u00e3o\" required ><label class=\"wpforms-field-label-inline\" for=\"wpforms-205-field_7_5\">Reclama\u00e7\u00e3o<\/label><\/li><li class=\"choice-6 depth-1\"><input type=\"radio\" id=\"wpforms-205-field_7_6\" name=\"wpforms[fields][7]\" value=\"Outro assunto\" required ><label class=\"wpforms-field-label-inline\" for=\"wpforms-205-field_7_6\">Outro assunto<\/label><\/li><\/ul><\/div><div id=\"wpforms-205-field_2-container\" class=\"wpforms-field wpforms-field-textarea\" data-field-id=\"2\"><label class=\"wpforms-field-label\" for=\"wpforms-205-field_2\">Use os espa\u00e7o abaixo para as suas considera\u00e7\u00f5es <span class=\"wpforms-required-label\">*<\/span><\/label><textarea id=\"wpforms-205-field_2\" class=\"wpforms-field-medium wpforms-field-required\" name=\"wpforms[fields][2]\" required><\/textarea><\/div><\/div><!-- .wpforms-field-container --><div class=\"wpforms-field wpforms-field-hp\"><label for=\"wpforms-205-field-hp\" class=\"wpforms-field-label\">Name<\/label><input type=\"text\" name=\"wpforms[hp]\" id=\"wpforms-205-field-hp\" class=\"wpforms-field-medium\"><\/div><div class=\"wpforms-submit-container\" ><input type=\"hidden\" name=\"wpforms[id]\" value=\"205\"><input type=\"hidden\" name=\"page_title\" value=\"\"><input type=\"hidden\" name=\"page_url\" value=\"https:\/\/www.comunidadeativa.jor.br\/index.php\/wp-json\/wp\/v2\/pages\/206\"><input type=\"hidden\" name=\"url_referer\" value=\"\"><button type=\"submit\" name=\"wpforms[submit]\" id=\"wpforms-submit-205\" class=\"wpforms-submit\" data-alt-text=\"Sending...\" data-submit-text=\"Submit\" aria-live=\"assertive\" value=\"wpforms-submit\">Submit<\/button><\/div><\/form><\/div>  <!-- .wpforms-container -->\n<p>Jornal Comunidade Ativa<\/p>\n<p>Telefone\/WhatsApp: 31 99647 1004<\/p>\n<p>Email: jornal@comunidadeativa.jor.br<\/p>\n","protected":false},"excerpt":{"rendered":"<p>Jornal Comunidade Ativa Telefone\/WhatsApp: 31 99647 1004 Email: jornal@comunidadeativa.jor.br<\/p>\n","protected":false},"author":1,"featured_media":0,"parent":0,"menu_order":0,"comment_status":"closed","ping_status":"closed","template":"","meta":{"footnotes":""},"class_list":["post-206","page","type-page","status-publish","hentry"],"yoast_head":"<!-- This site is optimized with the Yoast SEO plugin v26.0 - https:\/\/yoast.com\/wordpress\/plugins\/seo\/ -->\n<title>Fale conosco - Comunidade Ativa<\/title>\n<meta name=\"robots\" content=\"index, follow, max-snippet:-1, max-image-preview:large, max-video-preview:-1\" \/>\n<link rel=\"canonical\" href=\"https:\/\/www.comunidadeativa.jor.br\/index.php\/fale-conosco\/\" \/>\n<meta property=\"og:locale\" content=\"pt_BR\" \/>\n<meta property=\"og:type\" content=\"article\" \/>\n<meta property=\"og:title\" content=\"Fale conosco - Comunidade Ativa\" \/>\n<meta property=\"og:description\" content=\"Jornal Comunidade Ativa Telefone\/WhatsApp: 31 99647 1004 Email: jornal@comunidadeativa.jor.br\" \/>\n<meta property=\"og:url\" content=\"https:\/\/www.comunidadeativa.jor.br\/index.php\/fale-conosco\/\" \/>\n<meta property=\"og:site_name\" content=\"Comunidade Ativa\" \/>\n<meta property=\"article:publisher\" content=\"https:\/\/www.facebook.com\/comunidadeativa\" \/>\n<meta property=\"article:modified_time\" content=\"2022-04-28T14:48:36+00:00\" \/>\n<meta name=\"twitter:card\" content=\"summary_large_image\" \/>\n<script type=\"application\/ld+json\" class=\"yoast-schema-graph\">{\"@context\":\"https:\/\/schema.org\",\"@graph\":[{\"@type\":\"WebPage\",\"@id\":\"https:\/\/www.comunidadeativa.jor.br\/index.php\/fale-conosco\/\",\"url\":\"https:\/\/www.comunidadeativa.jor.br\/index.php\/fale-conosco\/\",\"name\":\"Fale conosco - Comunidade Ativa\",\"isPartOf\":{\"@id\":\"https:\/\/www.comunidadeativa.jor.br\/#website\"},\"datePublished\":\"2018-03-08T21:52:13+00:00\",\"dateModified\":\"2022-04-28T14:48:36+00:00\",\"breadcrumb\":{\"@id\":\"https:\/\/www.comunidadeativa.jor.br\/index.php\/fale-conosco\/#breadcrumb\"},\"inLanguage\":\"pt-BR\",\"potentialAction\":[{\"@type\":\"ReadAction\",\"target\":[\"https:\/\/www.comunidadeativa.jor.br\/index.php\/fale-conosco\/\"]}]},{\"@type\":\"BreadcrumbList\",\"@id\":\"https:\/\/www.comunidadeativa.jor.br\/index.php\/fale-conosco\/#breadcrumb\",\"itemListElement\":[{\"@type\":\"ListItem\",\"position\":1,\"name\":\"In\u00edcio\",\"item\":\"https:\/\/www.comunidadeativa.jor.br\/\"},{\"@type\":\"ListItem\",\"position\":2,\"name\":\"Fale conosco\"}]},{\"@type\":\"WebSite\",\"@id\":\"https:\/\/www.comunidadeativa.jor.br\/#website\",\"url\":\"https:\/\/www.comunidadeativa.jor.br\/\",\"name\":\"Comunidade Ativa\",\"description\":\"\",\"publisher\":{\"@id\":\"https:\/\/www.comunidadeativa.jor.br\/#organization\"},\"potentialAction\":[{\"@type\":\"SearchAction\",\"target\":{\"@type\":\"EntryPoint\",\"urlTemplate\":\"https:\/\/www.comunidadeativa.jor.br\/?s={search_term_string}\"},\"query-input\":{\"@type\":\"PropertyValueSpecification\",\"valueRequired\":true,\"valueName\":\"search_term_string\"}}],\"inLanguage\":\"pt-BR\"},{\"@type\":\"Organization\",\"@id\":\"https:\/\/www.comunidadeativa.jor.br\/#organization\",\"name\":\"Comunidade Ativa\",\"url\":\"https:\/\/www.comunidadeativa.jor.br\/\",\"logo\":{\"@type\":\"ImageObject\",\"inLanguage\":\"pt-BR\",\"@id\":\"https:\/\/www.comunidadeativa.jor.br\/#\/schema\/logo\/image\/\",\"url\":\"https:\/\/www.comunidadeativa.jor.br\/wp-content\/uploads\/2018\/03\/cropped-LOGOPNG-1.png\",\"contentUrl\":\"https:\/\/www.comunidadeativa.jor.br\/wp-content\/uploads\/2018\/03\/cropped-LOGOPNG-1.png\",\"width\":318,\"height\":90,\"caption\":\"Comunidade Ativa\"},\"image\":{\"@id\":\"https:\/\/www.comunidadeativa.jor.br\/#\/schema\/logo\/image\/\"},\"sameAs\":[\"https:\/\/www.facebook.com\/comunidadeativa\"]}]}<\/script>\n<!-- \/ Yoast SEO plugin. -->","yoast_head_json":{"title":"Fale conosco - Comunidade Ativa","robots":{"index":"index","follow":"follow","max-snippet":"max-snippet:-1","max-image-preview":"max-image-preview:large","max-video-preview":"max-video-preview:-1"},"canonical":"https:\/\/www.comunidadeativa.jor.br\/index.php\/fale-conosco\/","og_locale":"pt_BR","og_type":"article","og_title":"Fale conosco - Comunidade Ativa","og_description":"Jornal Comunidade Ativa Telefone\/WhatsApp: 31 99647 1004 Email: jornal@comunidadeativa.jor.br","og_url":"https:\/\/www.comunidadeativa.jor.br\/index.php\/fale-conosco\/","og_site_name":"Comunidade Ativa","article_publisher":"https:\/\/www.facebook.com\/comunidadeativa","article_modified_time":"2022-04-28T14:48:36+00:00","twitter_card":"summary_large_image","schema":{"@context":"https:\/\/schema.org","@graph":[{"@type":"WebPage","@id":"https:\/\/www.comunidadeativa.jor.br\/index.php\/fale-conosco\/","url":"https:\/\/www.comunidadeativa.jor.br\/index.php\/fale-conosco\/","name":"Fale conosco - Comunidade Ativa","isPartOf":{"@id":"https:\/\/www.comunidadeativa.jor.br\/#website"},"datePublished":"2018-03-08T21:52:13+00:00","dateModified":"2022-04-28T14:48:36+00:00","breadcrumb":{"@id":"https:\/\/www.comunidadeativa.jor.br\/index.php\/fale-conosco\/#breadcrumb"},"inLanguage":"pt-BR","potentialAction":[{"@type":"ReadAction","target":["https:\/\/www.comunidadeativa.jor.br\/index.php\/fale-conosco\/"]}]},{"@type":"BreadcrumbList","@id":"https:\/\/www.comunidadeativa.jor.br\/index.php\/fale-conosco\/#breadcrumb","itemListElement":[{"@type":"ListItem","position":1,"name":"In\u00edcio","item":"https:\/\/www.comunidadeativa.jor.br\/"},{"@type":"ListItem","position":2,"name":"Fale conosco"}]},{"@type":"WebSite","@id":"https:\/\/www.comunidadeativa.jor.br\/#website","url":"https:\/\/www.comunidadeativa.jor.br\/","name":"Comunidade Ativa","description":"","publisher":{"@id":"https:\/\/www.comunidadeativa.jor.br\/#organization"},"potentialAction":[{"@type":"SearchAction","target":{"@type":"EntryPoint","urlTemplate":"https:\/\/www.comunidadeativa.jor.br\/?s={search_term_string}"},"query-input":{"@type":"PropertyValueSpecification","valueRequired":true,"valueName":"search_term_string"}}],"inLanguage":"pt-BR"},{"@type":"Organization","@id":"https:\/\/www.comunidadeativa.jor.br\/#organization","name":"Comunidade Ativa","url":"https:\/\/www.comunidadeativa.jor.br\/","logo":{"@type":"ImageObject","inLanguage":"pt-BR","@id":"https:\/\/www.comunidadeativa.jor.br\/#\/schema\/logo\/image\/","url":"https:\/\/www.comunidadeativa.jor.br\/wp-content\/uploads\/2018\/03\/cropped-LOGOPNG-1.png","contentUrl":"https:\/\/www.comunidadeativa.jor.br\/wp-content\/uploads\/2018\/03\/cropped-LOGOPNG-1.png","width":318,"height":90,"caption":"Comunidade Ativa"},"image":{"@id":"https:\/\/www.comunidadeativa.jor.br\/#\/schema\/logo\/image\/"},"sameAs":["https:\/\/www.facebook.com\/comunidadeativa"]}]}},"_links":{"self":[{"href":"https:\/\/www.comunidadeativa.jor.br\/index.php\/wp-json\/wp\/v2\/pages\/206","targetHints":{"allow":["GET"]}}],"collection":[{"href":"https:\/\/www.comunidadeativa.jor.br\/index.php\/wp-json\/wp\/v2\/pages"}],"about":[{"href":"https:\/\/www.comunidadeativa.jor.br\/index.php\/wp-json\/wp\/v2\/types\/page"}],"author":[{"embeddable":true,"href":"https:\/\/www.comunidadeativa.jor.br\/index.php\/wp-json\/wp\/v2\/users\/1"}],"replies":[{"embeddable":true,"href":"https:\/\/www.comunidadeativa.jor.br\/index.php\/wp-json\/wp\/v2\/comments?post=206"}],"version-history":[{"count":4,"href":"https:\/\/www.comunidadeativa.jor.br\/index.php\/wp-json\/wp\/v2\/pages\/206\/revisions"}],"predecessor-version":[{"id":2997,"href":"https:\/\/www.comunidadeativa.jor.br\/index.php\/wp-json\/wp\/v2\/pages\/206\/revisions\/2997"}],"wp:attachment":[{"href":"https:\/\/www.comunidadeativa.jor.br\/index.php\/wp-json\/wp\/v2\/media?parent=206"}],"curies":[{"name":"wp","href":"https:\/\/api.w.org\/{rel}","templated":true}]}}